{"id":15156,"date":"2022-01-05T20:16:42","date_gmt":"2022-01-05T20:16:42","guid":{"rendered":"https:\/\/www.webpetarda.si\/Ponudbe\/solar\/kontakt-copy\/"},"modified":"2022-01-05T20:18:18","modified_gmt":"2022-01-05T20:18:18","slug":"splosni-pogoji","status":"publish","type":"page","link":"https:\/\/www.elektrorezerva.si\/en\/splosni-pogoji\/","title":{"rendered":"Splo\u0161ni pogoji"},"content":{"rendered":"<div data-elementor-type=\"wp-page\" data-elementor-id=\"15156\" class=\"elementor elementor-15156\" data-elementor-post-type=\"page\">\n\t\t\t\t\t\t\t\t\t<section class=\"elementor-section elementor-top-section elementor-element elementor-element-7a870cbe elementor-section-boxed elementor-section-height-default elementor-section-height-default\" data-id=\"7a870cbe\" data-element_type=\"section\" data-settings=\"{&quot;background_background&quot;:&quot;classic&quot;}\">\n\t\t\t\t\t\t\t<div class=\"elementor-background-overlay\"><\/div>\n\t\t\t\t\t\t\t<div class=\"elementor-container elementor-column-gap-default\">\n\t\t\t\t\t<div class=\"elementor-column elementor-col-100 elementor-top-column elementor-element elementor-element-48d941e6\" data-id=\"48d941e6\" data-element_type=\"column\">\n\t\t\t<div class=\"elementor-widget-wrap elementor-element-populated\">\n\t\t\t\t\t\t\t\t<div class=\"elementor-element elementor-element-6ad267cf elementor-widget elementor-widget-spacer\" data-id=\"6ad267cf\" data-element_type=\"widget\" data-widget_type=\"spacer.default\">\n\t\t\t\t<div class=\"elementor-widget-container\">\n\t\t\t\t\t<div class=\"elementor-spacer\">\n\t\t\t<div class=\"elementor-spacer-inner\"><\/div>\n\t\t<\/div>\n\t\t\t\t<\/div>\n\t\t\t\t<\/div>\n\t\t\t\t<div class=\"elementor-element elementor-element-9a8aa32 elementor-hidden-tablet elementor-hidden-phone elementor-widget elementor-widget-spacer\" data-id=\"9a8aa32\" data-element_type=\"widget\" data-widget_type=\"spacer.default\">\n\t\t\t\t<div class=\"elementor-widget-container\">\n\t\t\t\t\t<div class=\"elementor-spacer\">\n\t\t\t<div class=\"elementor-spacer-inner\"><\/div>\n\t\t<\/div>\n\t\t\t\t<\/div>\n\t\t\t\t<\/div>\n\t\t\t\t<section class=\"elementor-section elementor-inner-section elementor-element elementor-element-16d2c371 elementor-section-boxed elementor-section-height-default elementor-section-height-default\" data-id=\"16d2c371\" data-element_type=\"section\">\n\t\t\t\t\t\t\t<div class=\"elementor-background-overlay\"><\/div>\n\t\t\t\t\t\t\t<div class=\"elementor-container elementor-column-gap-default\">\n\t\t\t\t\t<div class=\"elementor-column elementor-col-100 elementor-inner-column elementor-element elementor-element-27504448\" data-id=\"27504448\" data-element_type=\"column\">\n\t\t\t<div class=\"elementor-widget-wrap elementor-element-populated\">\n\t\t\t\t\t\t\t\t<div class=\"elementor-element elementor-element-fc8a7f5 elementor-widget elementor-widget-heading\" data-id=\"fc8a7f5\" data-element_type=\"widget\" data-widget_type=\"heading.default\">\n\t\t\t\t<div class=\"elementor-widget-container\">\n\t\t\t<h2 class=\"elementor-heading-title elementor-size-default\">TERMS AND CONDITIONS<\/h2>\t\t<\/div>\n\t\t\t\t<\/div>\n\t\t\t\t<div class=\"elementor-element elementor-element-5e780e9 elementor-widget elementor-widget-text-editor\" data-id=\"5e780e9\" data-element_type=\"widget\" data-widget_type=\"text-editor.default\">\n\t\t\t\t<div class=\"elementor-widget-container\">\n\t\t\t\t\t\t\t<p>Varstvo podatkov Pravila varstva podatkov ob uporabi spletnih strani in storitev Spo\u0161tovani, v dru\u017ebi Elektro Rezerva d.o.o. zavezani k skrbi za va\u0161e osebne podatke v skladu z veljavnimi predpisi in va\u0161imi \u017eeljami. Ker je 25. maja 2018 v veljavo stopila evropska Splo\u0161na uredba o varstvu podatkov (GDPR), smo ob prilagoditvi novi zakonodaji posodobili splo\u0161ne pogoje varstva podatkov. Pravila varstva podatkov so dostopna na spletni strani Pravila varstva podatkov. V Pravilih varstva podatkov si lahko preberete podrobnej\u0161e informacije o vrstah podatkov, ki jih obdelujemo in v katere namene, tako v okviru zagotavljanja zanesljivega, varnega, kakovostnega in trajnostnega distribucijskega sistema, vodenja pogodbenih razmerij in tr\u017eenjskega komuniciranja s strankami ter partnerji, pozabili pa nismo niti na dolo\u010dila varstva podatkov ob uporabi spletnih strani. Za zagotovitev preglednosti obdelave podatkov vam v pravilih natan\u010dneje predstavljamo tudi bistvene pravice posameznikov glede varstva podatkov. Za vsa vpra\u0161anja ali pomo\u010d pri uveljavljanju va\u0161ih pravic vam je na voljo na\u0161a poobla\u0161\u010dena oseba za varstvo podatkov (angle\u0161ka kartica: DPO), ki bdi nad obdelavo osebnih podatkov in stalno spremlja skladnost obdelav z veljavnimi predpisi in mednarodnimi standardi.<\/p>\t\t\t\t\t\t<\/div>\n\t\t\t\t<\/div>\n\t\t\t\t<div class=\"elementor-element elementor-element-a7d2eb0 elementor-widget elementor-widget-text-editor\" data-id=\"a7d2eb0\" data-element_type=\"widget\" data-widget_type=\"text-editor.default\">\n\t\t\t\t<div class=\"elementor-widget-container\">\n\t\t\t\t\t\t\tPravila varstva podatkov ob uporabi spletnih strani in storitev Direktor Marjan Gavez.\t\t\t\t\t\t<\/div>\n\t\t\t\t<\/div>\n\t\t\t\t<div class=\"elementor-element elementor-element-186d8b56 elementor-widget elementor-widget-spacer\" data-id=\"186d8b56\" data-element_type=\"widget\" data-widget_type=\"spacer.default\">\n\t\t\t\t<div class=\"elementor-widget-container\">\n\t\t\t\t\t<div class=\"elementor-spacer\">\n\t\t\t<div class=\"elementor-spacer-inner\"><\/div>\n\t\t<\/div>\n\t\t\t\t<\/div>\n\t\t\t\t<\/div>\n\t\t\t\t\t<\/div>\n\t\t<\/div>\n\t\t\t\t\t\t\t<\/div>\n\t\t<\/section>\n\t\t\t\t<div class=\"elementor-element elementor-element-a3269bd elementor-widget elementor-widget-spacer\" data-id=\"a3269bd\" data-element_type=\"widget\" data-widget_type=\"spacer.default\">\n\t\t\t\t<div class=\"elementor-widget-container\">\n\t\t\t\t\t<div class=\"elementor-spacer\">\n\t\t\t<div class=\"elementor-spacer-inner\"><\/div>\n\t\t<\/div>\n\t\t\t\t<\/div>\n\t\t\t\t<\/div>\n\t\t\t\t\t<\/div>\n\t\t<\/div>\n\t\t\t\t\t\t\t<\/div>\n\t\t<\/section>\n\t\t\t\t\t\t\t<\/div>","protected":false},"excerpt":{"rendered":"<p>SPLO\u0160NI POGOJI Varstvo podatkov Pravila varstva podatkov ob uporabi spletnih strani in storitev Spo\u0161tovani, v dru\u017ebi Elektro Rezerva d.o.o. zavezani k skrbi za va\u0161e osebne podatke v skladu z veljavnimi predpisi in va\u0161imi \u017eeljami. Ker je 25. maja 2018 v veljavo stopila evropska Splo\u0161na uredba o varstvu podatkov (GDPR), smo ob prilagoditvi novi zakonodaji posodobili [&hellip;]<\/p>","protected":false},"author":1,"featured_media":0,"parent":0,"menu_order":0,"comment_status":"closed","ping_status":"closed","template":"","meta":{"_seopress_robots_primary_cat":""},"_links":{"self":[{"href":"https:\/\/www.elektrorezerva.si\/en\/wp-json\/wp\/v2\/pages\/15156"}],"collection":[{"href":"https:\/\/www.elektrorezerva.si\/en\/wp-json\/wp\/v2\/pages"}],"about":[{"href":"https:\/\/www.elektrorezerva.si\/en\/wp-json\/wp\/v2\/types\/page"}],"author":[{"embeddable":true,"href":"https:\/\/www.elektrorezerva.si\/en\/wp-json\/wp\/v2\/users\/1"}],"replies":[{"embeddable":true,"href":"https:\/\/www.elektrorezerva.si\/en\/wp-json\/wp\/v2\/comments?post=15156"}],"version-history":[{"count":0,"href":"https:\/\/www.elektrorezerva.si\/en\/wp-json\/wp\/v2\/pages\/15156\/revisions"}],"wp:attachment":[{"href":"https:\/\/www.elektrorezerva.si\/en\/wp-json\/wp\/v2\/media?parent=15156"}],"curies":[{"name":"wp","href":"https:\/\/api.w.org\/{rel}","templated":true}]}}